{"id":1920,"date":"2021-05-19T14:49:41","date_gmt":"2021-05-19T17:49:41","guid":{"rendered":"http:\/\/67.23.238.68\/plesk-site-preview\/fcmadvocacia.com.br\/https\/67.23.238.68\/?page_id=1920"},"modified":"2021-05-25T16:06:02","modified_gmt":"2021-05-25T19:06:02","slug":"civil","status":"publish","type":"page","link":"https:\/\/www.fcmadvocacia.com.br\/index.php\/civil\/","title":{"rendered":"Civil"},"content":{"rendered":"<h2>Civil<\/h2>\n<ul>\n<li>\n\t\t\t\t\t\t\t\t\t\tSucess\u00f5es e invent\u00e1rio\n\t\t\t\t\t\t\t\t\t<\/li>\n<li>\n\t\t\t\t\t\t\t\t\t\tDireito de fam\u00edlia\n\t\t\t\t\t\t\t\t\t<\/li>\n<li>\n\t\t\t\t\t\t\t\t\t\tAcess\u00f3ria, elabora\u00e7\u00e3o e revis\u00e3o de contratos civis\n\t\t\t\t\t\t\t\t\t<\/li>\n<li>\n\t\t\t\t\t\t\t\t\t\tA\u00e7\u00f5es possess\u00f3rias\n\t\t\t\t\t\t\t\t\t<\/li>\n<li>\n\t\t\t\t\t\t\t\t\t\tAc\u00f5es de despejo\n\t\t\t\t\t\t\t\t\t<\/li>\n<li>\n\t\t\t\t\t\t\t\t\t\tIndeniza\u00e7\u00f5es\n\t\t\t\t\t\t\t\t\t<\/li>\n<li>\n\t\t\t\t\t\t\t\t\t\tConstitui\u00e7\u00e3o de garantias de cumprimento de obriga\u00e7\u00f5es\n\t\t\t\t\t\t\t\t\t<\/li>\n<li>\n\t\t\t\t\t\t\t\t\t\tDanos morais e renegocia\u00e7\u00e3o de contratos\n\t\t\t\t\t\t\t\t\t<\/li>\n<li>\n\t\t\t\t\t\t\t\t\t\tCobran\u00e7a de condom\u00ednios\n\t\t\t\t\t\t\t\t\t<\/li>\n<li>\n\t\t\t\t\t\t\t\t\t\tRecupera\u00e7\u00e3o de cr\u00e9ditos\n\t\t\t\t\t\t\t\t\t<\/li>\n<li>\n\t\t\t\t\t\t\t\t\t\tExecu\u00e7\u00e3o de t\u00edtulos judiciais e extrajudiciais\n\t\t\t\t\t\t\t\t\t<\/li>\n<li>\n\t\t\t\t\t\t\t\t\t\tAtua\u00e7\u00e3o preventiva e contenciosa em assuntos envolvendo direito do consumidor, responsabilidade por produtos e servi\u00e7os\n\t\t\t\t\t\t\t\t\t<\/li>\n<li>\n\t\t\t\t\t\t\t\t\t\tNegativa\u00e7\u00e3o indevida nos \u00f3rg\u00e3os de restri\u00e7\u00e3o de cr\u00e9dito\n\t\t\t\t\t\t\t\t\t<\/li>\n<\/ul>\n<p>\t\t\t<a role=\"button\"><br \/>\n\t\t\t\t\t\tEntrar em contato<br \/>\n\t\t\t\t\t<\/a><\/p>\n","protected":false},"excerpt":{"rendered":"<p>Civil Sucess\u00f5es e invent\u00e1rio Direito de fam\u00edlia Acess\u00f3ria, elabora\u00e7\u00e3o e revis\u00e3o de contratos civis A\u00e7\u00f5es possess\u00f3rias Ac\u00f5es de despejo Indeniza\u00e7\u00f5es Constitui\u00e7\u00e3o de garantias de cumprimento de obriga\u00e7\u00f5es Danos morais e renegocia\u00e7\u00e3o de contratos Cobran\u00e7a de condom\u00ednios Recupera\u00e7\u00e3o de cr\u00e9ditos Execu\u00e7\u00e3o de t\u00edtulos judiciais e extrajudiciais Atua\u00e7\u00e3o preventiva e contenciosa em assuntos envolvendo direito do consumidor, [&hellip;]<\/p>\n","protected":false},"author":1,"featured_media":0,"parent":0,"menu_order":0,"comment_status":"closed","ping_status":"closed","template":"","meta":{"footnotes":""},"class_list":["post-1920","page","type-page","status-publish","hentry"],"_links":{"self":[{"href":"https:\/\/www.fcmadvocacia.com.br\/index.php\/wp-json\/wp\/v2\/pages\/1920","targetHints":{"allow":["GET"]}}],"collection":[{"href":"https:\/\/www.fcmadvocacia.com.br\/index.php\/wp-json\/wp\/v2\/pages"}],"about":[{"href":"https:\/\/www.fcmadvocacia.com.br\/index.php\/wp-json\/wp\/v2\/types\/page"}],"author":[{"embeddable":true,"href":"https:\/\/www.fcmadvocacia.com.br\/index.php\/wp-json\/wp\/v2\/users\/1"}],"replies":[{"embeddable":true,"href":"https:\/\/www.fcmadvocacia.com.br\/index.php\/wp-json\/wp\/v2\/comments?post=1920"}],"version-history":[{"count":37,"href":"https:\/\/www.fcmadvocacia.com.br\/index.php\/wp-json\/wp\/v2\/pages\/1920\/revisions"}],"predecessor-version":[{"id":2176,"href":"https:\/\/www.fcmadvocacia.com.br\/index.php\/wp-json\/wp\/v2\/pages\/1920\/revisions\/2176"}],"wp:attachment":[{"href":"https:\/\/www.fcmadvocacia.com.br\/index.php\/wp-json\/wp\/v2\/media?parent=1920"}],"curies":[{"name":"wp","href":"https:\/\/api.w.org\/{rel}","templated":true}]}}