{"id":1918,"date":"2021-05-19T14:49:25","date_gmt":"2021-05-19T17:49:25","guid":{"rendered":"http:\/\/67.23.238.68\/plesk-site-preview\/fcmadvocacia.com.br\/https\/67.23.238.68\/?page_id=1918"},"modified":"2021-05-25T16:04:27","modified_gmt":"2021-05-25T19:04:27","slug":"trabalhista","status":"publish","type":"page","link":"https:\/\/www.fcmadvocacia.com.br\/index.php\/trabalhista\/","title":{"rendered":"Trabalhista"},"content":{"rendered":"<h2>Trabalhista<\/h2>\n<h2>Reclamante<\/h2>\n<ul>\n<li>\n\t\t\t\t\t\t\t\t\t\tRecis\u00e3o indireta\n\t\t\t\t\t\t\t\t\t<\/li>\n<li>\n\t\t\t\t\t\t\t\t\t\tReclama\u00e7\u00e3o trabalhista em face do empregador\n\t\t\t\t\t\t\t\t\t<\/li>\n<li>\n\t\t\t\t\t\t\t\t\t\tIndeniza\u00e7\u00e3o por dano moral \/ patrim\u00f4nial decorrente da rela\u00e7\u00e3o de emprego\n\t\t\t\t\t\t\t\t\t<\/li>\n<\/ul>\n<p>\t\t\t<a role=\"button\"><br \/>\n\t\t\t\t\t\tEntrar em contato<br \/>\n\t\t\t\t\t<\/a><\/p>\n<h2>Reclamado<\/h2>\n<ul>\n<li>\n\t\t\t\t\t\t\t\t\t\tContesta\u00e7\u00e3o em reclama\u00e7\u00e3o trabalhista\n\t\t\t\t\t\t\t\t\t<\/li>\n<li>\n\t\t\t\t\t\t\t\t\t\tConsultiva como forma de se evitar demandas judiciais, ou seja, antever conflitos e problemas, evitando-os, sem a necessidade de acionar o poder judici\u00e1rio\n\t\t\t\t\t\t\t\t\t<\/li>\n<\/ul>\n<p>\t\t\t<a role=\"button\"><br \/>\n\t\t\t\t\t\tEntrar em contato<br \/>\n\t\t\t\t\t<\/a><\/p>\n","protected":false},"excerpt":{"rendered":"<p>Trabalhista Reclamante Recis\u00e3o indireta Reclama\u00e7\u00e3o trabalhista em face do empregador Indeniza\u00e7\u00e3o por dano moral \/ patrim\u00f4nial decorrente da rela\u00e7\u00e3o de emprego Entrar em contato Reclamado Contesta\u00e7\u00e3o em reclama\u00e7\u00e3o trabalhista Consultiva como forma de se evitar demandas judiciais, ou seja, antever conflitos e problemas, evitando-os, sem a necessidade de acionar o poder judici\u00e1rio Entrar em contato<\/p>\n","protected":false},"author":1,"featured_media":0,"parent":0,"menu_order":0,"comment_status":"closed","ping_status":"closed","template":"","meta":{"footnotes":""},"class_list":["post-1918","page","type-page","status-publish","hentry"],"_links":{"self":[{"href":"https:\/\/www.fcmadvocacia.com.br\/index.php\/wp-json\/wp\/v2\/pages\/1918","targetHints":{"allow":["GET"]}}],"collection":[{"href":"https:\/\/www.fcmadvocacia.com.br\/index.php\/wp-json\/wp\/v2\/pages"}],"about":[{"href":"https:\/\/www.fcmadvocacia.com.br\/index.php\/wp-json\/wp\/v2\/types\/page"}],"author":[{"embeddable":true,"href":"https:\/\/www.fcmadvocacia.com.br\/index.php\/wp-json\/wp\/v2\/users\/1"}],"replies":[{"embeddable":true,"href":"https:\/\/www.fcmadvocacia.com.br\/index.php\/wp-json\/wp\/v2\/comments?post=1918"}],"version-history":[{"count":79,"href":"https:\/\/www.fcmadvocacia.com.br\/index.php\/wp-json\/wp\/v2\/pages\/1918\/revisions"}],"predecessor-version":[{"id":2173,"href":"https:\/\/www.fcmadvocacia.com.br\/index.php\/wp-json\/wp\/v2\/pages\/1918\/revisions\/2173"}],"wp:attachment":[{"href":"https:\/\/www.fcmadvocacia.com.br\/index.php\/wp-json\/wp\/v2\/media?parent=1918"}],"curies":[{"name":"wp","href":"https:\/\/api.w.org\/{rel}","templated":true}]}}